{"id":2073,"date":"2022-01-17T16:40:37","date_gmt":"2022-01-17T15:40:37","guid":{"rendered":"https:\/\/materiaux-mines-nancy.univ-lorraine.fr\/?page_id=2073"},"modified":"2022-01-17T16:43:48","modified_gmt":"2022-01-17T15:43:48","slug":"informations-legales","status":"publish","type":"page","link":"https:\/\/materiaux-mines-nancy.univ-lorraine.fr\/en\/informations-legales\/","title":{"rendered":"Informations l\u00e9gales"},"content":{"rendered":"<div data-elementor-type=\"wp-page\" data-elementor-id=\"2073\" class=\"elementor elementor-2073\">\n\t\t\t\t\t\t<section class=\"elementor-section elementor-top-section elementor-element elementor-element-5dd64a7 elementor-section-boxed elementor-section-height-default elementor-section-height-default\" data-id=\"5dd64a7\" data-element_type=\"section\" data-e-type=\"section\">\n\t\t\t\t\t\t<div class=\"elementor-container elementor-column-gap-default\">\n\t\t\t\t\t<div class=\"elementor-column elementor-col-100 elementor-top-column elementor-element elementor-element-6c927d4\" data-id=\"6c927d4\" data-element_type=\"column\" data-e-type=\"column\">\n\t\t\t<div class=\"elementor-widget-wrap elementor-element-populated\">\n\t\t\t\t\t\t<div class=\"elementor-element elementor-element-c005956 elementor-widget elementor-widget-text-editor\" data-id=\"c005956\" data-element_type=\"widget\" data-e-type=\"widget\" data-widget_type=\"text-editor.default\">\n\t\t\t\t<div class=\"elementor-widget-container\">\n\t\t\t\t\t\t\t\t\t<h3>\u00c9diteur<\/h3><p>Ce site web est le site officiel du d\u00e9partement mat\u00e9riaux des Mines Nancy.<\/p><p><strong>Directeur de la Publication<\/strong> : Fran\u00e7ois ROUSSEAU, Directeur g\u00e9n\u00e9ral de Mines Nancy<\/p><h3>Conception &amp; r\u00e9alisation<\/h3><ul><li><strong>\u00c9laboration des contenus<\/strong> : MINES NANCY \u2013 Service Communication <strong>(\u00e0 modifier)<\/strong><\/li><li><strong>H\u00e9bergement<\/strong> : Universit\u00e9 de Lorraine<\/li><li><strong>Responsable de la Communication<\/strong> : Thomas VIGNERON<\/li><li><strong>Web-animateurs<\/strong> : Thomas VIGNERON \/ Marine DESOGUS <strong>(\u00e0 modifier)<\/strong><\/li><\/ul><h3><span style=\"font-size: 18pt;\">\u2028\u2028Loi n\u00b078-17 du 6 janvier 1978 relative \u00e0 l\u2019informatique, aux fichiers et aux libert\u00e9s<\/span><\/h3><h3>Droits d\u2019auteur et copyright<\/h3><p>L\u2019ensemble de ce site rel\u00e8ve de la l\u00e9gislation fran\u00e7aise et internationale sur le droit d\u2019auteur et la propri\u00e9t\u00e9 intellectuelle. Tous les droits de reproduction sont r\u00e9serv\u00e9s, y compris pour les documents t\u00e9l\u00e9chargeables et les repr\u00e9sentations iconographiques et photographiques.\u2028 La reproduction de tout ou partie de ce site sur un support \u00e9lectronique quel qu\u2019il soit est formellement interdite sauf autorisation expresse du Directeur de la publication.<\/p><h3>Contenu du site<\/h3><p>Malgr\u00e9 le soin apport\u00e9 au traitement des informations, Mines Nancy d\u00e9cline toute responsabilit\u00e9 concernant les erreurs ou omissions portant sur les informations diffus\u00e9es sur ce site. Mines Nancy ne peut \u00eatre tenue responsable de l\u2019interpr\u00e9tation des informations contenues dans ce site, ni des cons\u00e9quences de leur utilisation.<\/p><h3>Liens<\/h3><p>Mines Nancy est soucieuse de la qualit\u00e9 des liens dont elle fait mention. Elle d\u00e9cline toute responsabilit\u00e9 quand aux contenus des sites vers lesquels elle offre des liens notamment vers les r\u00e9seaux sociaux.<\/p><h3>Cr\u00e9dits photographiques<\/h3><ul><li>Mines Nancy<\/li><li>Agence Nicolas Michelin et Associ\u00e9s \/ ANMA<\/li><\/ul><h3>Cookies<\/h3><h4>Qu\u2019est-ce-qu\u2019un cookie ?<\/h4><p>Un cookie est un petit fichier texte d\u00e9pos\u00e9 sur votre ordinateur lors de la visite d\u2019un site. Les cookies pour but de collecter des informations relatives \u00e0 votre navigation sur les sites et de vous adresser des services personnalis\u00e9s. Dans votre ordinateur les cookies sont g\u00e9r\u00e9s par votre navigateur internet.<\/p><p><strong>Quels sont les cookies utilis\u00e9s sur le site mines-nancy.univ-lorraine.fr ?<\/strong><\/p><p>Mines Nancy utilise l\u2019outil Google analytics pour collecter des statistiques anonymes sur l\u2019utilisation de notre site par les internautes (par exemple : les pages les consult\u00e9es, le nombre de visiteurs, les navigateurs utilis\u00e9s\u2026) En naviguant sur notre site, un cookie Google analytics est d\u00e9pos\u00e9 sur votre ordinateur.<\/p><h4>Accepter ou refuser les cookies<\/h4><p>Vous pouvez d\u00e9sactiver les cookies en suivant les instructions comme suit :<\/p><p><strong>1. Vous utilisez le navigateur Internet Explorer<\/strong><\/p><ul><li>Dans Internet Explorer, cliquez sur le bouton Outils, puis sur Options Internet.<\/li><li>Sous l\u2019onglet G\u00e9n\u00e9ral, sous Historique de navigation, cliquez sur Param\u00e8tres.<\/li><li>Cliquez sur le bouton Afficher les fichiers.<\/li><li>Cliquez sur l\u2019en-t\u00eate de colonne Nom pour trier tous les fichiers dans l\u2019ordre alphab\u00e9tique, puis parcourez la liste jusqu\u2019\u00e0 ce que vous voyez des fichiers commen\u00e7ant par le pr\u00e9fixe \u00ab\u00a0cookie\u00a0\u00bb (tous les cookies poss\u00e8dent ce pr\u00e9fixe et contiennent habituellement le nom du site Web qui a cr\u00e9\u00e9 le cookie).<\/li><li>S\u00e9lectionnez les cookies contenant le libell\u00e9 \u00ab\u00a0mines-nancy.univ-lorraine\u00a0\u00bb et supprimez-les<\/li><li>Fermez la fen\u00eatre qui contient la liste des fichiers, puis cliquez deux fois sur OK pour retourner dans Internet Explorer.<\/li><\/ul><p><strong>2. Vous utilisez le navigateur Firefox<\/strong><\/p><ul><li>Allez dans l\u2019onglet Outils du navigateur puis s\u00e9lectionnez le menu Options<\/li><li>Dans la fen\u00eatre qui s\u2019affiche, choisissez Vie priv\u00e9e et cliquez sur Affichez les cookies<\/li><li>Rep\u00e9rez les fichiers qui contiennent le nom \u00ab\u00a0mines-nancy.univ-lorraine\u00a0\u00bb, s\u00e9lectionnez-les et supprimez-les.<\/li><\/ul><p><strong>3. Vous utilisez le navigateur Safari<\/strong><\/p><ul><li>Dans votre navigateur, choisissez le menu \u00c9dition &gt; Pr\u00e9f\u00e9rences.<\/li><li>Cliquez sur S\u00e9curit\u00e9.<\/li><li>Cliquez sur Afficher les cookies.<\/li><li>S\u00e9lectionnez les cookies qui contiennent le nom \u00ab\u00a0mines-nancy.univ-lorraine\u00a0\u00bb et cliquez sur Effacer ou sur Tout effacer.<\/li><li>Apr\u00e8s avoir supprim\u00e9 les cookies, cliquez sur Termin\u00e9.<\/li><\/ul><p><strong>4. Vous utilisez le navigateur Google Chrome<\/strong><\/p><ul><li>Cliquez sur l\u2019ic\u00f4ne du menu Outils.<\/li><li>S\u00e9lectionnez Options.<\/li><li>Cliquez sur l\u2019onglet Options avanc\u00e9es et acc\u00e9dez \u00e0 la section Confidentialit\u00e9.<\/li><li>Cliquez sur le bouton Afficher les cookies.<\/li><li>Rep\u00e9rez les fichiers qui contiennent le nom \u00ab\u00a0mines-nancy.univ-lorraine\u00a0\u00bb, s\u00e9lectionnez-les et supprimez-les.<\/li><li>Cliquez sur Fermer pour revenir \u00e0 votre navigateur.<\/li><\/ul><p>En savoir plus sur les cookies sur <a href=\"http:\/\/www.cnil.fr\" target=\"_blank\" rel=\"noopener noreferrer\">Cnil.fr<\/a><\/p><h3>Contact us<\/h3><p>Pour toute question, remarque ou observation, n\u2019h\u00e9sitez pas \u00e0 nous contacter.<\/p><p><strong>Mines Nancy\u2028<\/strong><br \/>Campus Artem \u2013 BP 14 234<br \/>92, rue du Sergent Blandan<br \/>54 042 NANCY CEDEX<\/p><p>T\u00e9l. : +33 (0)3 72 74 48 00<\/p>\t\t\t\t\t\t\t\t<\/div>\n\t\t\t\t<\/div>\n\t\t\t\t\t<\/div>\n\t\t<\/div>\n\t\t\t\t\t<\/div>\n\t\t<\/section>\n\t\t\t\t<\/div>","protected":false},"excerpt":{"rendered":"<p>\u00c9diteur Ce site web est le site officiel du d\u00e9partement mat\u00e9riaux des Mines Nancy. Directeur de la Publication : Fran\u00e7ois ROUSSEAU, Directeur g\u00e9n\u00e9ral de Mines Nancy Conception &amp; r\u00e9alisation \u00c9laboration des contenus : MINES NANCY \u2013 Service Communication (\u00e0 modifier) H\u00e9bergement : Universit\u00e9 de Lorraine Responsable de la Communication : Thomas VIGNERON Web-animateurs : Thomas [&hellip;]<\/p>\n","protected":false},"author":2,"featured_media":0,"parent":0,"menu_order":0,"comment_status":"closed","ping_status":"closed","template":"","meta":{"ocean_post_layout":"","ocean_both_sidebars_style":"","ocean_both_sidebars_content_width":0,"ocean_both_sidebars_sidebars_width":0,"ocean_sidebar":"0","ocean_second_sidebar":"0","ocean_disable_margins":"enable","ocean_add_body_class":"","ocean_shortcode_before_top_bar":"","ocean_shortcode_after_top_bar":"","ocean_shortcode_before_header":"","ocean_shortcode_after_header":"","ocean_has_shortcode":"","ocean_shortcode_after_title":"","ocean_shortcode_before_footer_widgets":"","ocean_shortcode_after_footer_widgets":"","ocean_shortcode_before_footer_bottom":"","ocean_shortcode_after_footer_bottom":"","ocean_display_top_bar":"default","ocean_display_header":"default","ocean_header_style":"","ocean_center_header_left_menu":"0","ocean_custom_header_template":"0","ocean_custom_logo":0,"ocean_custom_retina_logo":0,"ocean_custom_logo_max_width":0,"ocean_custom_logo_tablet_max_width":0,"ocean_custom_logo_mobile_max_width":0,"ocean_custom_logo_max_height":0,"ocean_custom_logo_tablet_max_height":0,"ocean_custom_logo_mobile_max_height":0,"ocean_header_custom_menu":"0","ocean_menu_typo_font_family":"0","ocean_menu_typo_font_subset":"","ocean_menu_typo_font_size":0,"ocean_menu_typo_font_size_tablet":0,"ocean_menu_typo_font_size_mobile":0,"ocean_menu_typo_font_size_unit":"px","ocean_menu_typo_font_weight":"","ocean_menu_typo_font_weight_tablet":"","ocean_menu_typo_font_weight_mobile":"","ocean_menu_typo_transform":"","ocean_menu_typo_transform_tablet":"","ocean_menu_typo_transform_mobile":"","ocean_menu_typo_line_height":0,"ocean_menu_typo_line_height_tablet":0,"ocean_menu_typo_line_height_mobile":0,"ocean_menu_typo_line_height_unit":"","ocean_menu_typo_spacing":0,"ocean_menu_typo_spacing_tablet":0,"ocean_menu_typo_spacing_mobile":0,"ocean_menu_typo_spacing_unit":"","ocean_menu_link_color":"","ocean_menu_link_color_hover":"","ocean_menu_link_color_active":"","ocean_menu_link_background":"","ocean_menu_link_hover_background":"","ocean_menu_link_active_background":"","ocean_menu_social_links_bg":"","ocean_menu_social_hover_links_bg":"","ocean_menu_social_links_color":"","ocean_menu_social_hover_links_color":"","ocean_disable_title":"default","ocean_disable_heading":"default","ocean_post_title":"","ocean_post_subheading":"","ocean_post_title_style":"","ocean_post_title_background_color":"","ocean_post_title_background":0,"ocean_post_title_bg_image_position":"","ocean_post_title_bg_image_attachment":"","ocean_post_title_bg_image_repeat":"","ocean_post_title_bg_image_size":"","ocean_post_title_height":0,"ocean_post_title_bg_overlay":0.5,"ocean_post_title_bg_overlay_color":"","ocean_disable_breadcrumbs":"default","ocean_breadcrumbs_color":"","ocean_breadcrumbs_separator_color":"","ocean_breadcrumbs_links_color":"","ocean_breadcrumbs_links_hover_color":"","ocean_display_footer_widgets":"default","ocean_display_footer_bottom":"default","ocean_custom_footer_template":"0","footnotes":""},"class_list":["post-2073","page","type-page","status-publish","hentry","entry"],"yoast_head":"<!-- This site is optimized with the Yoast SEO plugin v27.6 - https:\/\/yoast.com\/product\/yoast-seo-wordpress\/ -->\n<title>Informations l\u00e9gales - D\u00e9partement mat\u00e9riaux<\/title>\n<meta name=\"robots\" content=\"index, follow, max-snippet:-1, max-image-preview:large, max-video-preview:-1\" \/>\n<link rel=\"canonical\" href=\"https:\/\/materiaux-mines-nancy.univ-lorraine.fr\/en\/informations-legales\/\" \/>\n<meta property=\"og:locale\" content=\"en_US\" \/>\n<meta property=\"og:type\" content=\"article\" \/>\n<meta property=\"og:title\" content=\"Informations l\u00e9gales - D\u00e9partement mat\u00e9riaux\" \/>\n<meta property=\"og:description\" content=\"\u00c9diteur Ce site web est le site officiel du d\u00e9partement mat\u00e9riaux des Mines Nancy. Directeur de la Publication : Fran\u00e7ois ROUSSEAU, Directeur g\u00e9n\u00e9ral de Mines Nancy Conception &amp; r\u00e9alisation \u00c9laboration des contenus : MINES NANCY \u2013 Service Communication (\u00e0 modifier) H\u00e9bergement : Universit\u00e9 de Lorraine Responsable de la Communication : Thomas VIGNERON Web-animateurs : Thomas [&hellip;]\" \/>\n<meta property=\"og:url\" content=\"https:\/\/materiaux-mines-nancy.univ-lorraine.fr\/en\/informations-legales\/\" \/>\n<meta property=\"og:site_name\" content=\"D\u00e9partement mat\u00e9riaux\" \/>\n<meta property=\"article:modified_time\" content=\"2022-01-17T15:43:48+00:00\" \/>\n<meta name=\"twitter:card\" content=\"summary_large_image\" \/>\n<meta name=\"twitter:label1\" content=\"Est. reading time\" \/>\n\t<meta name=\"twitter:data1\" content=\"4 minutes\" \/>\n<script type=\"application\/ld+json\" class=\"yoast-schema-graph\">{\"@context\":\"https:\\\/\\\/schema.org\",\"@graph\":[{\"@type\":\"WebPage\",\"@id\":\"https:\\\/\\\/materiaux-mines-nancy.univ-lorraine.fr\\\/informations-legales\\\/\",\"url\":\"https:\\\/\\\/materiaux-mines-nancy.univ-lorraine.fr\\\/informations-legales\\\/\",\"name\":\"Informations l\u00e9gales - D\u00e9partement mat\u00e9riaux\",\"isPartOf\":{\"@id\":\"https:\\\/\\\/materiaux-mines-nancy.univ-lorraine.fr\\\/#website\"},\"datePublished\":\"2022-01-17T15:40:37+00:00\",\"dateModified\":\"2022-01-17T15:43:48+00:00\",\"breadcrumb\":{\"@id\":\"https:\\\/\\\/materiaux-mines-nancy.univ-lorraine.fr\\\/informations-legales\\\/#breadcrumb\"},\"inLanguage\":\"en-US\",\"potentialAction\":[{\"@type\":\"ReadAction\",\"target\":[\"https:\\\/\\\/materiaux-mines-nancy.univ-lorraine.fr\\\/informations-legales\\\/\"]}]},{\"@type\":\"BreadcrumbList\",\"@id\":\"https:\\\/\\\/materiaux-mines-nancy.univ-lorraine.fr\\\/informations-legales\\\/#breadcrumb\",\"itemListElement\":[{\"@type\":\"ListItem\",\"position\":1,\"name\":\"Accueil\",\"item\":\"https:\\\/\\\/materiaux-mines-nancy.univ-lorraine.fr\\\/\"},{\"@type\":\"ListItem\",\"position\":2,\"name\":\"Informations l\u00e9gales\"}]},{\"@type\":\"WebSite\",\"@id\":\"https:\\\/\\\/materiaux-mines-nancy.univ-lorraine.fr\\\/#website\",\"url\":\"https:\\\/\\\/materiaux-mines-nancy.univ-lorraine.fr\\\/\",\"name\":\"D\u00e9partement mat\u00e9riaux\",\"description\":\"\",\"publisher\":{\"@id\":\"https:\\\/\\\/materiaux-mines-nancy.univ-lorraine.fr\\\/#organization\"},\"potentialAction\":[{\"@type\":\"SearchAction\",\"target\":{\"@type\":\"EntryPoint\",\"urlTemplate\":\"https:\\\/\\\/materiaux-mines-nancy.univ-lorraine.fr\\\/?s={search_term_string}\"},\"query-input\":{\"@type\":\"PropertyValueSpecification\",\"valueRequired\":true,\"valueName\":\"search_term_string\"}}],\"inLanguage\":\"en-US\"},{\"@type\":\"Organization\",\"@id\":\"https:\\\/\\\/materiaux-mines-nancy.univ-lorraine.fr\\\/#organization\",\"name\":\"D\u00e9partement Mat\u00e9riaux Mines Nancy\",\"url\":\"https:\\\/\\\/materiaux-mines-nancy.univ-lorraine.fr\\\/\",\"logo\":{\"@type\":\"ImageObject\",\"inLanguage\":\"en-US\",\"@id\":\"https:\\\/\\\/materiaux-mines-nancy.univ-lorraine.fr\\\/#\\\/schema\\\/logo\\\/image\\\/\",\"url\":\"https:\\\/\\\/materiaux-mines-nancy.univ-lorraine.fr\\\/wp-content\\\/uploads\\\/2021\\\/08\\\/imageonline-co-grayscaledimage.png\",\"contentUrl\":\"https:\\\/\\\/materiaux-mines-nancy.univ-lorraine.fr\\\/wp-content\\\/uploads\\\/2021\\\/08\\\/imageonline-co-grayscaledimage.png\",\"width\":2670,\"height\":1907,\"caption\":\"D\u00e9partement Mat\u00e9riaux Mines Nancy\"},\"image\":{\"@id\":\"https:\\\/\\\/materiaux-mines-nancy.univ-lorraine.fr\\\/#\\\/schema\\\/logo\\\/image\\\/\"}}]}<\/script>\n<!-- \/ Yoast SEO plugin. -->","yoast_head_json":{"title":"Informations l\u00e9gales - D\u00e9partement mat\u00e9riaux","robots":{"index":"index","follow":"follow","max-snippet":"max-snippet:-1","max-image-preview":"max-image-preview:large","max-video-preview":"max-video-preview:-1"},"canonical":"https:\/\/materiaux-mines-nancy.univ-lorraine.fr\/en\/informations-legales\/","og_locale":"en_US","og_type":"article","og_title":"Informations l\u00e9gales - D\u00e9partement mat\u00e9riaux","og_description":"\u00c9diteur Ce site web est le site officiel du d\u00e9partement mat\u00e9riaux des Mines Nancy. Directeur de la Publication : Fran\u00e7ois ROUSSEAU, Directeur g\u00e9n\u00e9ral de Mines Nancy Conception &amp; r\u00e9alisation \u00c9laboration des contenus : MINES NANCY \u2013 Service Communication (\u00e0 modifier) H\u00e9bergement : Universit\u00e9 de Lorraine Responsable de la Communication : Thomas VIGNERON Web-animateurs : Thomas [&hellip;]","og_url":"https:\/\/materiaux-mines-nancy.univ-lorraine.fr\/en\/informations-legales\/","og_site_name":"D\u00e9partement mat\u00e9riaux","article_modified_time":"2022-01-17T15:43:48+00:00","twitter_card":"summary_large_image","twitter_misc":{"Est. reading time":"4 minutes"},"schema":{"@context":"https:\/\/schema.org","@graph":[{"@type":"WebPage","@id":"https:\/\/materiaux-mines-nancy.univ-lorraine.fr\/informations-legales\/","url":"https:\/\/materiaux-mines-nancy.univ-lorraine.fr\/informations-legales\/","name":"Informations l\u00e9gales - D\u00e9partement mat\u00e9riaux","isPartOf":{"@id":"https:\/\/materiaux-mines-nancy.univ-lorraine.fr\/#website"},"datePublished":"2022-01-17T15:40:37+00:00","dateModified":"2022-01-17T15:43:48+00:00","breadcrumb":{"@id":"https:\/\/materiaux-mines-nancy.univ-lorraine.fr\/informations-legales\/#breadcrumb"},"inLanguage":"en-US","potentialAction":[{"@type":"ReadAction","target":["https:\/\/materiaux-mines-nancy.univ-lorraine.fr\/informations-legales\/"]}]},{"@type":"BreadcrumbList","@id":"https:\/\/materiaux-mines-nancy.univ-lorraine.fr\/informations-legales\/#breadcrumb","itemListElement":[{"@type":"ListItem","position":1,"name":"Accueil","item":"https:\/\/materiaux-mines-nancy.univ-lorraine.fr\/"},{"@type":"ListItem","position":2,"name":"Informations l\u00e9gales"}]},{"@type":"WebSite","@id":"https:\/\/materiaux-mines-nancy.univ-lorraine.fr\/#website","url":"https:\/\/materiaux-mines-nancy.univ-lorraine.fr\/","name":"D\u00e9partement mat\u00e9riaux","description":"","publisher":{"@id":"https:\/\/materiaux-mines-nancy.univ-lorraine.fr\/#organization"},"potentialAction":[{"@type":"SearchAction","target":{"@type":"EntryPoint","urlTemplate":"https:\/\/materiaux-mines-nancy.univ-lorraine.fr\/?s={search_term_string}"},"query-input":{"@type":"PropertyValueSpecification","valueRequired":true,"valueName":"search_term_string"}}],"inLanguage":"en-US"},{"@type":"Organization","@id":"https:\/\/materiaux-mines-nancy.univ-lorraine.fr\/#organization","name":"D\u00e9partement Mat\u00e9riaux Mines Nancy","url":"https:\/\/materiaux-mines-nancy.univ-lorraine.fr\/","logo":{"@type":"ImageObject","inLanguage":"en-US","@id":"https:\/\/materiaux-mines-nancy.univ-lorraine.fr\/#\/schema\/logo\/image\/","url":"https:\/\/materiaux-mines-nancy.univ-lorraine.fr\/wp-content\/uploads\/2021\/08\/imageonline-co-grayscaledimage.png","contentUrl":"https:\/\/materiaux-mines-nancy.univ-lorraine.fr\/wp-content\/uploads\/2021\/08\/imageonline-co-grayscaledimage.png","width":2670,"height":1907,"caption":"D\u00e9partement Mat\u00e9riaux Mines Nancy"},"image":{"@id":"https:\/\/materiaux-mines-nancy.univ-lorraine.fr\/#\/schema\/logo\/image\/"}}]}},"_links":{"self":[{"href":"https:\/\/materiaux-mines-nancy.univ-lorraine.fr\/en\/wp-json\/wp\/v2\/pages\/2073","targetHints":{"allow":["GET"]}}],"collection":[{"href":"https:\/\/materiaux-mines-nancy.univ-lorraine.fr\/en\/wp-json\/wp\/v2\/pages"}],"about":[{"href":"https:\/\/materiaux-mines-nancy.univ-lorraine.fr\/en\/wp-json\/wp\/v2\/types\/page"}],"author":[{"embeddable":true,"href":"https:\/\/materiaux-mines-nancy.univ-lorraine.fr\/en\/wp-json\/wp\/v2\/users\/2"}],"replies":[{"embeddable":true,"href":"https:\/\/materiaux-mines-nancy.univ-lorraine.fr\/en\/wp-json\/wp\/v2\/comments?post=2073"}],"version-history":[{"count":0,"href":"https:\/\/materiaux-mines-nancy.univ-lorraine.fr\/en\/wp-json\/wp\/v2\/pages\/2073\/revisions"}],"wp:attachment":[{"href":"https:\/\/materiaux-mines-nancy.univ-lorraine.fr\/en\/wp-json\/wp\/v2\/media?parent=2073"}],"curies":[{"name":"wp","href":"https:\/\/api.w.org\/{rel}","templated":true}]}}