{"id":724,"date":"2021-03-28T17:23:18","date_gmt":"2021-03-28T16:23:18","guid":{"rendered":"http:\/\/dep-materiaux-sans-trad.local\/?page_id=724"},"modified":"2022-01-28T22:18:03","modified_gmt":"2022-01-28T21:18:03","slug":"ingenierie-des-bio-materiaux","status":"publish","type":"page","link":"https:\/\/materiaux-mines-nancy.univ-lorraine.fr\/en\/ingenierie-des-bio-materiaux\/","title":{"rendered":"Bio-Materials Engineering (IBM in French)"},"content":{"rendered":"<div data-elementor-type=\"wp-page\" data-elementor-id=\"724\" class=\"elementor elementor-724\">\n\t\t\t\t\t\t<section class=\"elementor-section elementor-top-section elementor-element elementor-element-e2123df elementor-section-boxed elementor-section-height-default elementor-section-height-default\" data-id=\"e2123df\" data-element_type=\"section\" data-e-type=\"section\">\n\t\t\t\t\t\t<div class=\"elementor-container elementor-column-gap-default\">\n\t\t\t\t\t<div class=\"elementor-column elementor-col-100 elementor-top-column elementor-element elementor-element-be214c2\" data-id=\"be214c2\" data-element_type=\"column\" data-e-type=\"column\">\n\t\t\t<div class=\"elementor-widget-wrap elementor-element-populated\">\n\t\t\t\t\t\t<div class=\"elementor-element elementor-element-d8ce730 elementor-widget elementor-widget-image\" data-id=\"d8ce730\" data-element_type=\"widget\" data-e-type=\"widget\" data-widget_type=\"image.default\">\n\t\t\t\t<div class=\"elementor-widget-container\">\n\t\t\t\t\t\t\t\t\t\t\t\t\t\t\t<img fetchpriority=\"high\" decoding=\"async\" width=\"300\" height=\"214\" src=\"https:\/\/materiaux-mines-nancy.univ-lorraine.fr\/wp-content\/uploads\/2021\/06\/106431654_616413722635909_6535761040994991306_n1-300x214.png\" class=\"attachment-medium size-medium wp-image-1203\" alt=\"\" srcset=\"https:\/\/materiaux-mines-nancy.univ-lorraine.fr\/wp-content\/uploads\/2021\/06\/106431654_616413722635909_6535761040994991306_n1-300x214.png 300w, https:\/\/materiaux-mines-nancy.univ-lorraine.fr\/wp-content\/uploads\/2021\/06\/106431654_616413722635909_6535761040994991306_n1-1024x731.png 1024w, https:\/\/materiaux-mines-nancy.univ-lorraine.fr\/wp-content\/uploads\/2021\/06\/106431654_616413722635909_6535761040994991306_n1-768x549.png 768w, https:\/\/materiaux-mines-nancy.univ-lorraine.fr\/wp-content\/uploads\/2021\/06\/106431654_616413722635909_6535761040994991306_n1-1536x1097.png 1536w, https:\/\/materiaux-mines-nancy.univ-lorraine.fr\/wp-content\/uploads\/2021\/06\/106431654_616413722635909_6535761040994991306_n1-2048x1463.png 2048w, https:\/\/materiaux-mines-nancy.univ-lorraine.fr\/wp-content\/uploads\/2021\/06\/106431654_616413722635909_6535761040994991306_n1-16x12.png 16w\" sizes=\"(max-width: 300px) 100vw, 300px\" \/>\t\t\t\t\t\t\t\t\t\t\t\t\t\t\t<\/div>\n\t\t\t\t<\/div>\n\t\t\t\t\t<\/div>\n\t\t<\/div>\n\t\t\t\t\t<\/div>\n\t\t<\/section>\n\t\t\t\t<section class=\"elementor-section elementor-top-section elementor-element elementor-element-10a330b elementor-section-boxed elementor-section-height-default elementor-section-height-default\" data-id=\"10a330b\" data-element_type=\"section\" data-e-type=\"section\">\n\t\t\t\t\t\t<div class=\"elementor-container elementor-column-gap-default\">\n\t\t\t\t\t<div class=\"elementor-column elementor-col-100 elementor-top-column elementor-element elementor-element-05bdd4e\" data-id=\"05bdd4e\" data-element_type=\"column\" data-e-type=\"column\">\n\t\t\t<div class=\"elementor-widget-wrap elementor-element-populated\">\n\t\t\t\t\t\t<div class=\"elementor-element elementor-element-9a3743e elementor-widget elementor-widget-text-editor\" data-id=\"9a3743e\" data-element_type=\"widget\" data-e-type=\"widget\" data-widget_type=\"text-editor.default\">\n\t\t\t\t<div class=\"elementor-widget-container\">\n\t\t\t\t\t\t\t\t\t<p><span style=\"font-family: Georgia, Palatino; font-size: 14pt;\"><strong>IBM option: Bio-Materials Engineering<\/strong><\/span><\/p><ul><li><span style=\"font-family: gotham_book; font-size: 12pt;\"><strong>Responsable:<\/strong> Franck Cleymand (franck.cleymand@univ-lorraine.fr)<\/span><\/li><li><span style=\"font-family: gotham_book; font-size: 12pt;\"><strong>Societal challenges:<\/strong> Sant\u00e9, Ressources, Environnement<\/span><\/li><li><span style=\"font-family: gotham_book; font-size: 12pt;\"><strong>Keywords:<\/strong> biomat\u00e9riaux, mat\u00e9riaux bio-inspir\u00e9s, c\u00e9ramiques, polym\u00e8res, nanomat\u00e9riaux, <\/span><span style=\"font-family: gotham_book; font-size: 12pt;\">dispositifs m\u00e9dicaux, \u00e9coconception\/design, durabilit\u00e9, biotechnologies<\/span><\/li><\/ul><p><span style=\"font-family: gotham_book; font-size: 12pt;\">The world of healthcare is facing new developments and challenges that require adaptation and innovation. In this sector, skills in biomaterials and medical sciences but also in management and digital skills are needed. For engineers, 2 main areas are growing rapidly: the field of diagnostics, medical technologies and biotechnologies and the field of health organisation and medical data management.<\/span><\/p><p><span style=\"font-family: gotham_book; font-size: 12pt;\">The Bio-Materials Engineering option offers a set of scientific courses coupled with lessons allowing the future engineer to become familiar with the (bio)medical world, in order to train for transversal jobs in the field of health (but also in the environment), by having a double competence: health and biomaterials engineering.<\/span><\/p><p><span style=\"font-family: gotham_book; font-size: 12pt;\">Ultimately, the aim is to train a new type of generalist engineer, capable of putting their skills and knowledge at the service of the health world. They will be able to work in the medical device and drug industries, in hospitals, in companies in the sector or in software publishers, for example, to create video games with therapeutic properties.<\/span><\/p><p><span style=\"font-family: gotham_book; font-size: 12pt;\">In addition, the IBM option offers a comprehensive education in the field of polymers and ceramics; it therefore also opens up prospects in sectors such as aeronautics, automotive, design, eco-design, etc.<\/span><\/p><ul><li><span style=\"font-size: 12pt;\"><strong><span style=\"font-family: gotham_book;\">Recommended S8 courses<\/span><\/strong><\/span><ul><li><span style=\"font-family: gotham_book; font-size: 12pt;\"><a href=\"https:\/\/wikidocs.univ-lorraine.fr\/display\/minesnancyficm\/MATS8AI+CERAMIQUES+%3A+STRUCTURE+PROPRIETES+MISE+EN+FORME\" target=\"_blank\" rel=\"noopener\">Les c\u00e9ramiques : structure, propri\u00e9t\u00e9s et mise en forme<\/a><\/span><\/li><li><span style=\"font-family: gotham_book; font-size: 12pt;\"><a href=\"https:\/\/wikidocs.univ-lorraine.fr\/display\/minesnancyficm\/MATS8AG+ELABORATION+PROPRIETES+MECANIQUES+POLYMERES\" target=\"_blank\" rel=\"noopener\">\u00c9laboration et propri\u00e9t\u00e9s m\u00e9caniques des polym\u00e8res<\/a><\/span><\/li><li><span style=\"font-family: gotham_book; font-size: 12pt;\"><a href=\"https:\/\/wikidocs.univ-lorraine.fr\/display\/minesnancyficm\/MATS8AD+POLYMERES+ET+SANTE\" target=\"_blank\" rel=\"noopener\">Polym\u00e8res et Sant\u00e9<\/a><\/span><\/li><li><span style=\"font-family: gotham_book; font-size: 12pt;\"><a href=\"https:\/\/wikidocs.univ-lorraine.fr\/display\/minesnancyficm\/MATS8AE+CORROSION%2C+USURE+ET+FROTTEMENTS\" target=\"_blank\" rel=\"noopener\">D\u00e9gradation des (bio)mat\u00e9riaux m\u00e9talliques<\/a><\/span><\/li><\/ul><\/li><li><span style=\"font-size: 12pt;\"><strong><span style=\"font-family: gotham_book;\">Recommended S9 courses<\/span><\/strong><\/span><ul><li><span style=\"font-family: gotham_book; font-size: 12pt;\"><a href=\"https:\/\/wikidocs.univ-lorraine.fr\/display\/minesnancyficm\/MATS9AE+MULTISCALE+MECHANICS\" target=\"_blank\" rel=\"noopener\">Multiscale mechanics<\/a><\/span><\/li><li><span style=\"font-family: gotham_book; font-size: 12pt;\">Physico-chimie des syst\u00e8mes collo\u00efdaux vectorisation \/ transfert pour l\u2019aliment et la cosm\u00e9tique<\/span><\/li><li><span style=\"font-family: gotham_book; font-size: 12pt;\">Biom\u00e9canique\/DMI de la Facult\u00e9 de Chirurgie<\/span><\/li><li><span style=\"font-family: gotham_book; font-size: 12pt;\">Bioing\u00e9nierie, nanosant\u00e9, m\u00e9dicaments, qualit\u00e9 de la Facult\u00e9 de Pharmarcie<\/span><\/li><li><span style=\"font-family: gotham_book; font-size: 12pt;\">Open codes for fluid dynamics<\/span><\/li><li><span style=\"font-family: gotham_book; font-size: 12pt;\">March\u00e9s de l\u2019\u00e9nergie et de l\u2019environnement<\/span><\/li><\/ul><\/li><\/ul>\t\t\t\t\t\t\t\t<\/div>\n\t\t\t\t<\/div>\n\t\t\t\t\t<\/div>\n\t\t<\/div>\n\t\t\t\t\t<\/div>\n\t\t<\/section>\n\t\t\t\t<\/div>","protected":false},"excerpt":{"rendered":"<p>Option IBM: Ing\u00e9nierie des Bio-Mat\u00e9riaux Responsable: Franck Cleymand (franck.cleymand@univ-lorraine.fr) Enjeux soci\u00e9taux: Sant\u00e9, Ressources, Environnement Mots clefs: biomat\u00e9riaux, mat\u00e9riaux bio-inspir\u00e9s, c\u00e9ramiques, polym\u00e8res, nanomat\u00e9riaux, dispositifs m\u00e9dicaux, \u00e9coconception\/design, durabilit\u00e9, biotechnologies Le monde de la sant\u00e9 fait face \u00e0 de nouveaux d\u00e9veloppements et de nouveaux d\u00e9fis qui demandent des capacit\u00e9s d\u2019adaptation et d\u2019innovation. Dans ce secteur, des comp\u00e9tences en [&hellip;]<\/p>\n","protected":false},"author":1,"featured_media":0,"parent":0,"menu_order":0,"comment_status":"closed","ping_status":"closed","template":"","meta":{"ocean_post_layout":"","ocean_both_sidebars_style":"","ocean_both_sidebars_content_width":0,"ocean_both_sidebars_sidebars_width":0,"ocean_sidebar":"0","ocean_second_sidebar":"0","ocean_disable_margins":"enable","ocean_add_body_class":"","ocean_shortcode_before_top_bar":"","ocean_shortcode_after_top_bar":"","ocean_shortcode_before_header":"","ocean_shortcode_after_header":"","ocean_has_shortcode":"","ocean_shortcode_after_title":"","ocean_shortcode_before_footer_widgets":"","ocean_shortcode_after_footer_widgets":"","ocean_shortcode_before_footer_bottom":"","ocean_shortcode_after_footer_bottom":"","ocean_display_top_bar":"default","ocean_display_header":"default","ocean_header_style":"","ocean_center_header_left_menu":"0","ocean_custom_header_template":"0","ocean_custom_logo":0,"ocean_custom_retina_logo":0,"ocean_custom_logo_max_width":0,"ocean_custom_logo_tablet_max_width":0,"ocean_custom_logo_mobile_max_width":0,"ocean_custom_logo_max_height":0,"ocean_custom_logo_tablet_max_height":0,"ocean_custom_logo_mobile_max_height":0,"ocean_header_custom_menu":"0","ocean_menu_typo_font_family":"0","ocean_menu_typo_font_subset":"","ocean_menu_typo_font_size":0,"ocean_menu_typo_font_size_tablet":0,"ocean_menu_typo_font_size_mobile":0,"ocean_menu_typo_font_size_unit":"px","ocean_menu_typo_font_weight":"","ocean_menu_typo_font_weight_tablet":"","ocean_menu_typo_font_weight_mobile":"","ocean_menu_typo_transform":"","ocean_menu_typo_transform_tablet":"","ocean_menu_typo_transform_mobile":"","ocean_menu_typo_line_height":0,"ocean_menu_typo_line_height_tablet":0,"ocean_menu_typo_line_height_mobile":0,"ocean_menu_typo_line_height_unit":"","ocean_menu_typo_spacing":0,"ocean_menu_typo_spacing_tablet":0,"ocean_menu_typo_spacing_mobile":0,"ocean_menu_typo_spacing_unit":"","ocean_menu_link_color":"","ocean_menu_link_color_hover":"","ocean_menu_link_color_active":"","ocean_menu_link_background":"","ocean_menu_link_hover_background":"","ocean_menu_link_active_background":"","ocean_menu_social_links_bg":"","ocean_menu_social_hover_links_bg":"","ocean_menu_social_links_color":"","ocean_menu_social_hover_links_color":"","ocean_disable_title":"default","ocean_disable_heading":"default","ocean_post_title":"","ocean_post_subheading":"","ocean_post_title_style":"","ocean_post_title_background_color":"","ocean_post_title_background":0,"ocean_post_title_bg_image_position":"","ocean_post_title_bg_image_attachment":"","ocean_post_title_bg_image_repeat":"","ocean_post_title_bg_image_size":"","ocean_post_title_height":0,"ocean_post_title_bg_overlay":0.5,"ocean_post_title_bg_overlay_color":"","ocean_disable_breadcrumbs":"default","ocean_breadcrumbs_color":"","ocean_breadcrumbs_separator_color":"","ocean_breadcrumbs_links_color":"","ocean_breadcrumbs_links_hover_color":"","ocean_display_footer_widgets":"default","ocean_display_footer_bottom":"default","ocean_custom_footer_template":"0","footnotes":""},"class_list":["post-724","page","type-page","status-publish","hentry","entry"],"yoast_head":"<!-- This site is optimized with the Yoast SEO plugin v27.6 - https:\/\/yoast.com\/product\/yoast-seo-wordpress\/ -->\n<title>Ing\u00e9nierie des Bio-Mat\u00e9riaux (IBM) - D\u00e9partement mat\u00e9riaux<\/title>\n<meta name=\"robots\" content=\"index, follow, max-snippet:-1, max-image-preview:large, max-video-preview:-1\" \/>\n<link rel=\"canonical\" href=\"https:\/\/materiaux-mines-nancy.univ-lorraine.fr\/en\/ingenierie-des-bio-materiaux\/\" \/>\n<meta property=\"og:locale\" content=\"en_US\" \/>\n<meta property=\"og:type\" content=\"article\" \/>\n<meta property=\"og:title\" content=\"Ing\u00e9nierie des Bio-Mat\u00e9riaux (IBM) - D\u00e9partement mat\u00e9riaux\" \/>\n<meta property=\"og:description\" content=\"Option IBM: Ing\u00e9nierie des Bio-Mat\u00e9riaux Responsable: Franck Cleymand (franck.cleymand@univ-lorraine.fr) Enjeux soci\u00e9taux: Sant\u00e9, Ressources, Environnement Mots clefs: biomat\u00e9riaux, mat\u00e9riaux bio-inspir\u00e9s, c\u00e9ramiques, polym\u00e8res, nanomat\u00e9riaux, dispositifs m\u00e9dicaux, \u00e9coconception\/design, durabilit\u00e9, biotechnologies Le monde de la sant\u00e9 fait face \u00e0 de nouveaux d\u00e9veloppements et de nouveaux d\u00e9fis qui demandent des capacit\u00e9s d\u2019adaptation et d\u2019innovation. Dans ce secteur, des comp\u00e9tences en [&hellip;]\" \/>\n<meta property=\"og:url\" content=\"https:\/\/materiaux-mines-nancy.univ-lorraine.fr\/en\/ingenierie-des-bio-materiaux\/\" \/>\n<meta property=\"og:site_name\" content=\"D\u00e9partement mat\u00e9riaux\" \/>\n<meta property=\"article:modified_time\" content=\"2022-01-28T21:18:03+00:00\" \/>\n<meta property=\"og:image\" content=\"https:\/\/materiaux-mines-nancy.univ-lorraine.fr\/wp-content\/uploads\/2021\/06\/106431654_616413722635909_6535761040994991306_n1-300x214.png\" \/>\n<meta name=\"twitter:card\" content=\"summary_large_image\" \/>\n<meta name=\"twitter:label1\" content=\"Est. reading time\" \/>\n\t<meta name=\"twitter:data1\" content=\"2 minutes\" \/>\n<script type=\"application\/ld+json\" class=\"yoast-schema-graph\">{\"@context\":\"https:\\\/\\\/schema.org\",\"@graph\":[{\"@type\":\"WebPage\",\"@id\":\"https:\\\/\\\/materiaux-mines-nancy.univ-lorraine.fr\\\/ingenierie-des-bio-materiaux\\\/\",\"url\":\"https:\\\/\\\/materiaux-mines-nancy.univ-lorraine.fr\\\/ingenierie-des-bio-materiaux\\\/\",\"name\":\"Ing\u00e9nierie des Bio-Mat\u00e9riaux (IBM) - D\u00e9partement mat\u00e9riaux\",\"isPartOf\":{\"@id\":\"https:\\\/\\\/materiaux-mines-nancy.univ-lorraine.fr\\\/#website\"},\"primaryImageOfPage\":{\"@id\":\"https:\\\/\\\/materiaux-mines-nancy.univ-lorraine.fr\\\/ingenierie-des-bio-materiaux\\\/#primaryimage\"},\"image\":{\"@id\":\"https:\\\/\\\/materiaux-mines-nancy.univ-lorraine.fr\\\/ingenierie-des-bio-materiaux\\\/#primaryimage\"},\"thumbnailUrl\":\"https:\\\/\\\/materiaux-mines-nancy.univ-lorraine.fr\\\/wp-content\\\/uploads\\\/2021\\\/06\\\/106431654_616413722635909_6535761040994991306_n1-300x214.png\",\"datePublished\":\"2021-03-28T16:23:18+00:00\",\"dateModified\":\"2022-01-28T21:18:03+00:00\",\"breadcrumb\":{\"@id\":\"https:\\\/\\\/materiaux-mines-nancy.univ-lorraine.fr\\\/ingenierie-des-bio-materiaux\\\/#breadcrumb\"},\"inLanguage\":\"en-US\",\"potentialAction\":[{\"@type\":\"ReadAction\",\"target\":[\"https:\\\/\\\/materiaux-mines-nancy.univ-lorraine.fr\\\/ingenierie-des-bio-materiaux\\\/\"]}]},{\"@type\":\"ImageObject\",\"inLanguage\":\"en-US\",\"@id\":\"https:\\\/\\\/materiaux-mines-nancy.univ-lorraine.fr\\\/ingenierie-des-bio-materiaux\\\/#primaryimage\",\"url\":\"https:\\\/\\\/materiaux-mines-nancy.univ-lorraine.fr\\\/wp-content\\\/uploads\\\/2021\\\/06\\\/106431654_616413722635909_6535761040994991306_n1-300x214.png\",\"contentUrl\":\"https:\\\/\\\/materiaux-mines-nancy.univ-lorraine.fr\\\/wp-content\\\/uploads\\\/2021\\\/06\\\/106431654_616413722635909_6535761040994991306_n1-300x214.png\"},{\"@type\":\"BreadcrumbList\",\"@id\":\"https:\\\/\\\/materiaux-mines-nancy.univ-lorraine.fr\\\/ingenierie-des-bio-materiaux\\\/#breadcrumb\",\"itemListElement\":[{\"@type\":\"ListItem\",\"position\":1,\"name\":\"Accueil\",\"item\":\"https:\\\/\\\/materiaux-mines-nancy.univ-lorraine.fr\\\/\"},{\"@type\":\"ListItem\",\"position\":2,\"name\":\"Ing\u00e9nierie des Bio-Mat\u00e9riaux (IBM)\"}]},{\"@type\":\"WebSite\",\"@id\":\"https:\\\/\\\/materiaux-mines-nancy.univ-lorraine.fr\\\/#website\",\"url\":\"https:\\\/\\\/materiaux-mines-nancy.univ-lorraine.fr\\\/\",\"name\":\"D\u00e9partement mat\u00e9riaux\",\"description\":\"\",\"publisher\":{\"@id\":\"https:\\\/\\\/materiaux-mines-nancy.univ-lorraine.fr\\\/#organization\"},\"potentialAction\":[{\"@type\":\"SearchAction\",\"target\":{\"@type\":\"EntryPoint\",\"urlTemplate\":\"https:\\\/\\\/materiaux-mines-nancy.univ-lorraine.fr\\\/?s={search_term_string}\"},\"query-input\":{\"@type\":\"PropertyValueSpecification\",\"valueRequired\":true,\"valueName\":\"search_term_string\"}}],\"inLanguage\":\"en-US\"},{\"@type\":\"Organization\",\"@id\":\"https:\\\/\\\/materiaux-mines-nancy.univ-lorraine.fr\\\/#organization\",\"name\":\"D\u00e9partement Mat\u00e9riaux Mines Nancy\",\"url\":\"https:\\\/\\\/materiaux-mines-nancy.univ-lorraine.fr\\\/\",\"logo\":{\"@type\":\"ImageObject\",\"inLanguage\":\"en-US\",\"@id\":\"https:\\\/\\\/materiaux-mines-nancy.univ-lorraine.fr\\\/#\\\/schema\\\/logo\\\/image\\\/\",\"url\":\"https:\\\/\\\/materiaux-mines-nancy.univ-lorraine.fr\\\/wp-content\\\/uploads\\\/2021\\\/08\\\/imageonline-co-grayscaledimage.png\",\"contentUrl\":\"https:\\\/\\\/materiaux-mines-nancy.univ-lorraine.fr\\\/wp-content\\\/uploads\\\/2021\\\/08\\\/imageonline-co-grayscaledimage.png\",\"width\":2670,\"height\":1907,\"caption\":\"D\u00e9partement Mat\u00e9riaux Mines Nancy\"},\"image\":{\"@id\":\"https:\\\/\\\/materiaux-mines-nancy.univ-lorraine.fr\\\/#\\\/schema\\\/logo\\\/image\\\/\"}}]}<\/script>\n<!-- \/ Yoast SEO plugin. -->","yoast_head_json":{"title":"Ing\u00e9nierie des Bio-Mat\u00e9riaux (IBM) - D\u00e9partement mat\u00e9riaux","robots":{"index":"index","follow":"follow","max-snippet":"max-snippet:-1","max-image-preview":"max-image-preview:large","max-video-preview":"max-video-preview:-1"},"canonical":"https:\/\/materiaux-mines-nancy.univ-lorraine.fr\/en\/ingenierie-des-bio-materiaux\/","og_locale":"en_US","og_type":"article","og_title":"Ing\u00e9nierie des Bio-Mat\u00e9riaux (IBM) - D\u00e9partement mat\u00e9riaux","og_description":"Option IBM: Ing\u00e9nierie des Bio-Mat\u00e9riaux Responsable: Franck Cleymand (franck.cleymand@univ-lorraine.fr) Enjeux soci\u00e9taux: Sant\u00e9, Ressources, Environnement Mots clefs: biomat\u00e9riaux, mat\u00e9riaux bio-inspir\u00e9s, c\u00e9ramiques, polym\u00e8res, nanomat\u00e9riaux, dispositifs m\u00e9dicaux, \u00e9coconception\/design, durabilit\u00e9, biotechnologies Le monde de la sant\u00e9 fait face \u00e0 de nouveaux d\u00e9veloppements et de nouveaux d\u00e9fis qui demandent des capacit\u00e9s d\u2019adaptation et d\u2019innovation. Dans ce secteur, des comp\u00e9tences en [&hellip;]","og_url":"https:\/\/materiaux-mines-nancy.univ-lorraine.fr\/en\/ingenierie-des-bio-materiaux\/","og_site_name":"D\u00e9partement mat\u00e9riaux","article_modified_time":"2022-01-28T21:18:03+00:00","og_image":[{"url":"https:\/\/materiaux-mines-nancy.univ-lorraine.fr\/wp-content\/uploads\/2021\/06\/106431654_616413722635909_6535761040994991306_n1-300x214.png","type":"","width":"","height":""}],"twitter_card":"summary_large_image","twitter_misc":{"Est. reading time":"2 minutes"},"schema":{"@context":"https:\/\/schema.org","@graph":[{"@type":"WebPage","@id":"https:\/\/materiaux-mines-nancy.univ-lorraine.fr\/ingenierie-des-bio-materiaux\/","url":"https:\/\/materiaux-mines-nancy.univ-lorraine.fr\/ingenierie-des-bio-materiaux\/","name":"Ing\u00e9nierie des Bio-Mat\u00e9riaux (IBM) - D\u00e9partement mat\u00e9riaux","isPartOf":{"@id":"https:\/\/materiaux-mines-nancy.univ-lorraine.fr\/#website"},"primaryImageOfPage":{"@id":"https:\/\/materiaux-mines-nancy.univ-lorraine.fr\/ingenierie-des-bio-materiaux\/#primaryimage"},"image":{"@id":"https:\/\/materiaux-mines-nancy.univ-lorraine.fr\/ingenierie-des-bio-materiaux\/#primaryimage"},"thumbnailUrl":"https:\/\/materiaux-mines-nancy.univ-lorraine.fr\/wp-content\/uploads\/2021\/06\/106431654_616413722635909_6535761040994991306_n1-300x214.png","datePublished":"2021-03-28T16:23:18+00:00","dateModified":"2022-01-28T21:18:03+00:00","breadcrumb":{"@id":"https:\/\/materiaux-mines-nancy.univ-lorraine.fr\/ingenierie-des-bio-materiaux\/#breadcrumb"},"inLanguage":"en-US","potentialAction":[{"@type":"ReadAction","target":["https:\/\/materiaux-mines-nancy.univ-lorraine.fr\/ingenierie-des-bio-materiaux\/"]}]},{"@type":"ImageObject","inLanguage":"en-US","@id":"https:\/\/materiaux-mines-nancy.univ-lorraine.fr\/ingenierie-des-bio-materiaux\/#primaryimage","url":"https:\/\/materiaux-mines-nancy.univ-lorraine.fr\/wp-content\/uploads\/2021\/06\/106431654_616413722635909_6535761040994991306_n1-300x214.png","contentUrl":"https:\/\/materiaux-mines-nancy.univ-lorraine.fr\/wp-content\/uploads\/2021\/06\/106431654_616413722635909_6535761040994991306_n1-300x214.png"},{"@type":"BreadcrumbList","@id":"https:\/\/materiaux-mines-nancy.univ-lorraine.fr\/ingenierie-des-bio-materiaux\/#breadcrumb","itemListElement":[{"@type":"ListItem","position":1,"name":"Accueil","item":"https:\/\/materiaux-mines-nancy.univ-lorraine.fr\/"},{"@type":"ListItem","position":2,"name":"Ing\u00e9nierie des Bio-Mat\u00e9riaux (IBM)"}]},{"@type":"WebSite","@id":"https:\/\/materiaux-mines-nancy.univ-lorraine.fr\/#website","url":"https:\/\/materiaux-mines-nancy.univ-lorraine.fr\/","name":"D\u00e9partement mat\u00e9riaux","description":"","publisher":{"@id":"https:\/\/materiaux-mines-nancy.univ-lorraine.fr\/#organization"},"potentialAction":[{"@type":"SearchAction","target":{"@type":"EntryPoint","urlTemplate":"https:\/\/materiaux-mines-nancy.univ-lorraine.fr\/?s={search_term_string}"},"query-input":{"@type":"PropertyValueSpecification","valueRequired":true,"valueName":"search_term_string"}}],"inLanguage":"en-US"},{"@type":"Organization","@id":"https:\/\/materiaux-mines-nancy.univ-lorraine.fr\/#organization","name":"D\u00e9partement Mat\u00e9riaux Mines Nancy","url":"https:\/\/materiaux-mines-nancy.univ-lorraine.fr\/","logo":{"@type":"ImageObject","inLanguage":"en-US","@id":"https:\/\/materiaux-mines-nancy.univ-lorraine.fr\/#\/schema\/logo\/image\/","url":"https:\/\/materiaux-mines-nancy.univ-lorraine.fr\/wp-content\/uploads\/2021\/08\/imageonline-co-grayscaledimage.png","contentUrl":"https:\/\/materiaux-mines-nancy.univ-lorraine.fr\/wp-content\/uploads\/2021\/08\/imageonline-co-grayscaledimage.png","width":2670,"height":1907,"caption":"D\u00e9partement Mat\u00e9riaux Mines Nancy"},"image":{"@id":"https:\/\/materiaux-mines-nancy.univ-lorraine.fr\/#\/schema\/logo\/image\/"}}]}},"_links":{"self":[{"href":"https:\/\/materiaux-mines-nancy.univ-lorraine.fr\/en\/wp-json\/wp\/v2\/pages\/724","targetHints":{"allow":["GET"]}}],"collection":[{"href":"https:\/\/materiaux-mines-nancy.univ-lorraine.fr\/en\/wp-json\/wp\/v2\/pages"}],"about":[{"href":"https:\/\/materiaux-mines-nancy.univ-lorraine.fr\/en\/wp-json\/wp\/v2\/types\/page"}],"author":[{"embeddable":true,"href":"https:\/\/materiaux-mines-nancy.univ-lorraine.fr\/en\/wp-json\/wp\/v2\/users\/1"}],"replies":[{"embeddable":true,"href":"https:\/\/materiaux-mines-nancy.univ-lorraine.fr\/en\/wp-json\/wp\/v2\/comments?post=724"}],"version-history":[{"count":0,"href":"https:\/\/materiaux-mines-nancy.univ-lorraine.fr\/en\/wp-json\/wp\/v2\/pages\/724\/revisions"}],"wp:attachment":[{"href":"https:\/\/materiaux-mines-nancy.univ-lorraine.fr\/en\/wp-json\/wp\/v2\/media?parent=724"}],"curies":[{"name":"wp","href":"https:\/\/api.w.org\/{rel}","templated":true}]}}