{"id":726,"date":"2021-03-28T17:23:46","date_gmt":"2021-03-28T16:23:46","guid":{"rendered":"http:\/\/dep-materiaux-sans-trad.local\/?page_id=726"},"modified":"2022-01-28T22:16:31","modified_gmt":"2022-01-28T21:16:31","slug":"mde","status":"publish","type":"page","link":"https:\/\/materiaux-mines-nancy.univ-lorraine.fr\/en\/mde\/","title":{"rendered":"Materials, Devices and Energy (MDE)"},"content":{"rendered":"<div data-elementor-type=\"wp-page\" data-elementor-id=\"726\" class=\"elementor elementor-726\">\n\t\t\t\t\t\t<section class=\"elementor-section elementor-top-section elementor-element elementor-element-deaafcf elementor-section-boxed elementor-section-height-default elementor-section-height-default\" data-id=\"deaafcf\" data-element_type=\"section\" data-e-type=\"section\">\n\t\t\t\t\t\t<div class=\"elementor-container elementor-column-gap-default\">\n\t\t\t\t\t<div class=\"elementor-column elementor-col-100 elementor-top-column elementor-element elementor-element-217e8a7\" data-id=\"217e8a7\" data-element_type=\"column\" data-e-type=\"column\">\n\t\t\t<div class=\"elementor-widget-wrap elementor-element-populated\">\n\t\t\t\t\t\t<div class=\"elementor-element elementor-element-bfb09df elementor-widget elementor-widget-image\" data-id=\"bfb09df\" data-element_type=\"widget\" data-e-type=\"widget\" data-widget_type=\"image.default\">\n\t\t\t\t<div class=\"elementor-widget-container\">\n\t\t\t\t\t\t\t\t\t\t\t\t\t\t\t<img fetchpriority=\"high\" decoding=\"async\" width=\"300\" height=\"214\" src=\"https:\/\/materiaux-mines-nancy.univ-lorraine.fr\/wp-content\/uploads\/2021\/06\/106254815_280637016478473_1158923824712302525_n1-300x214.png\" class=\"attachment-medium size-medium wp-image-1204\" alt=\"\" srcset=\"https:\/\/materiaux-mines-nancy.univ-lorraine.fr\/wp-content\/uploads\/2021\/06\/106254815_280637016478473_1158923824712302525_n1-300x214.png 300w, https:\/\/materiaux-mines-nancy.univ-lorraine.fr\/wp-content\/uploads\/2021\/06\/106254815_280637016478473_1158923824712302525_n1-1024x731.png 1024w, https:\/\/materiaux-mines-nancy.univ-lorraine.fr\/wp-content\/uploads\/2021\/06\/106254815_280637016478473_1158923824712302525_n1-768x549.png 768w, https:\/\/materiaux-mines-nancy.univ-lorraine.fr\/wp-content\/uploads\/2021\/06\/106254815_280637016478473_1158923824712302525_n1-1536x1097.png 1536w, https:\/\/materiaux-mines-nancy.univ-lorraine.fr\/wp-content\/uploads\/2021\/06\/106254815_280637016478473_1158923824712302525_n1-2048x1463.png 2048w, https:\/\/materiaux-mines-nancy.univ-lorraine.fr\/wp-content\/uploads\/2021\/06\/106254815_280637016478473_1158923824712302525_n1-16x12.png 16w\" sizes=\"(max-width: 300px) 100vw, 300px\" \/>\t\t\t\t\t\t\t\t\t\t\t\t\t\t\t<\/div>\n\t\t\t\t<\/div>\n\t\t\t\t\t<\/div>\n\t\t<\/div>\n\t\t\t\t\t<\/div>\n\t\t<\/section>\n\t\t\t\t<section class=\"elementor-section elementor-top-section elementor-element elementor-element-10a330b elementor-section-boxed elementor-section-height-default elementor-section-height-default\" data-id=\"10a330b\" data-element_type=\"section\" data-e-type=\"section\">\n\t\t\t\t\t\t<div class=\"elementor-container elementor-column-gap-default\">\n\t\t\t\t\t<div class=\"elementor-column elementor-col-100 elementor-top-column elementor-element elementor-element-05bdd4e\" data-id=\"05bdd4e\" data-element_type=\"column\" data-e-type=\"column\">\n\t\t\t<div class=\"elementor-widget-wrap elementor-element-populated\">\n\t\t\t\t\t\t<div class=\"elementor-element elementor-element-9a3743e elementor-widget elementor-widget-text-editor\" data-id=\"9a3743e\" data-element_type=\"widget\" data-e-type=\"widget\" data-widget_type=\"text-editor.default\">\n\t\t\t\t<div class=\"elementor-widget-container\">\n\t\t\t\t\t\t\t\t\t<p><span style=\"font-size: 14pt;\"><strong><span style=\"font-family: Georgia, Palatino;\">Option MDE: (Nano)Materials, Devices and Energy<\/span><\/strong><\/span><\/p><ul><li><span style=\"font-family: gotham_book; font-size: 12pt;\"><strong>Responsable :<\/strong> Bertrand Lenoir (bertrand.lenoir@univ-lorraine.fr)<\/span><\/li><li><span style=\"font-family: gotham_book; font-size: 12pt;\"><strong>Societal challenges :<\/strong> Energie, Ressources, Environnement<\/span><\/li><li><span style=\"font-family: gotham_book; font-size: 12pt;\"><strong>Keywords :<\/strong> mat\u00e9riaux fonctionnels, semi-conducteur, conversion d\u2019\u00e9nergie, dispositifs, surfaces et interfaces, c\u00e9ramiques, nanomat\u00e9riaux, nanotechnologies<\/span><\/li><\/ul><div><p><span style=\"font-family: gotham_book; font-size: 12pt;\">Current high-tech devices used in many sectors of the economy (energy, transport, semiconductors, building, information and communication technology, etc.) call on materials or nanomaterials with specific functional properties (electrical, thermal, dielectric, magnetic, optical, etc.).<\/span><\/p><p><span style=\"font-family: gotham_book; font-size: 12pt;\">Designing and developing such materials requires an understanding of the material at the most basic level using modern physics tools. The objectives of the MDE option are to expose the phenomena and concepts necessary for this understanding, but also to provide the student engineer with the basics of the techniques and processes for the manufacture of emerging devices in the field of energy or information.<\/span><\/p><ul><li><span style=\"font-size: 12pt;\"><strong><span style=\"font-family: gotham_book;\">Recommended S8 courses<\/span><\/strong><\/span><ul><li><span style=\"font-family: gotham_book; font-size: 12pt;\"><a href=\"https:\/\/wikidocs.univ-lorraine.fr\/display\/minesnancyficm\/MATS8AI+CERAMIQUES+%3A+STRUCTURE+PROPRIETES+MISE+EN+FORME\" target=\"_blank\" rel=\"noopener\">Les c\u00e9ramiques : structure, propri\u00e9t\u00e9s et mise en forme<\/a><\/span><\/li><li><span style=\"font-family: gotham_book; font-size: 12pt;\"><a href=\"https:\/\/wikidocs.univ-lorraine.fr\/display\/minesnancyficm\/MATS8AA+MATERIAUX+DIELECTRIQUES+PROPRIETES+APPLICATIONS\" target=\"_blank\" rel=\"noopener\">Mat\u00e9riaux di\u00e9lectriques: des propri\u00e9t\u00e9s aux applications<\/a><\/span><\/li><li><span style=\"font-family: gotham_book; font-size: 12pt;\"><a href=\"https:\/\/wikidocs.univ-lorraine.fr\/display\/minesnancyficm\/MATS8AB+PROPRIETES+SEMI-CONDUCTEURS\" target=\"_blank\" rel=\"noopener\">Propri\u00e9t\u00e9s des semi-conducteurs<\/a><\/span><\/li><li><span style=\"font-family: gotham_book; font-size: 12pt;\"><a href=\"https:\/\/wikidocs.univ-lorraine.fr\/display\/minesnancyficm\/MATS8AC+PROPRIETES+MAGNETIQUES+METAUX+NANOMATERIAUX\" target=\"_blank\" rel=\"noopener\">Propri\u00e9t\u00e9s magn\u00e9tiques des m\u00e9taux et nanomat\u00e9riaux<\/a><\/span><\/li><\/ul><\/li><li><span style=\"font-size: 12pt;\"><strong><span style=\"font-family: gotham_book;\">Recommended S9 courses<\/span><\/strong><\/span><ul><li><span style=\"font-family: gotham_book; font-size: 12pt;\"><a href=\"https:\/\/wikidocs.univ-lorraine.fr\/display\/minesnancyficm\/MATS9AE+MULTISCALE+MECHANICS\" target=\"_blank\" rel=\"noopener\">Multiscale mechanics<\/a><\/span><\/li><li><span style=\"font-family: gotham_book; font-size: 12pt;\"><a href=\"https:\/\/wikidocs.univ-lorraine.fr\/display\/minesnancyficm\/MATS9AD+DEVICES+AT+DIFFERENT+LENGTH-SCALES\" target=\"_blank\" rel=\"noopener\">Devices at different length-scales<\/a><\/span><\/li><li><span style=\"font-family: gotham_book; font-size: 12pt;\"><a href=\"https:\/\/wikidocs.univ-lorraine.fr\/display\/minesnancyficm\/MATS9AF+MODELING+AT+THE+ATOMIC+AND+MOLECULAR+SCALES\" target=\"_blank\" rel=\"noopener\">Modeling at the atomic and molecular scales<\/a><\/span><\/li><li><span style=\"font-family: gotham_book; font-size: 12pt;\">Micro-nanodispositifs pi\u00e9zo\u00e9lectriques et acoustiques<\/span><\/li><li><span style=\"font-family: gotham_book; font-size: 12pt;\">Avanc\u00e9es r\u00e9centes des capteurs et micro-nanotechnologie<\/span><\/li><li><span style=\"font-family: gotham_book; font-size: 12pt;\">March\u00e9s de l\u2019\u00e9nergie et de l\u2019environnement<\/span><\/li><\/ul><\/li><\/ul><\/div>\t\t\t\t\t\t\t\t<\/div>\n\t\t\t\t<\/div>\n\t\t\t\t\t<\/div>\n\t\t<\/div>\n\t\t\t\t\t<\/div>\n\t\t<\/section>\n\t\t\t\t<\/div>","protected":false},"excerpt":{"rendered":"<p>Option MDE : (Nano)Mat\u00e9riaux, Dispositifs et Energie Responsable : Bertrand Lenoir (bertrand.lenoir@univ-lorraine.fr) Enjeux soci\u00e9taux : Energie, Ressources, Environnement Mots clefs : mat\u00e9riaux fonctionnels, semi-conducteur, conversion d\u2019\u00e9nergie, dispositifs, surfaces et interfaces, c\u00e9ramiques, nanomat\u00e9riaux, nanotechnologies Les dispositifs de haute technologie actuels utilis\u00e9s dans de nombreux secteurs de l\u2019\u00e9conomie (\u00e9nergie, transport, semi-conducteurs, b\u00e2timent, technologie de l\u2019information et de [&hellip;]<\/p>\n","protected":false},"author":1,"featured_media":0,"parent":0,"menu_order":0,"comment_status":"closed","ping_status":"closed","template":"","meta":{"ocean_post_layout":"","ocean_both_sidebars_style":"","ocean_both_sidebars_content_width":0,"ocean_both_sidebars_sidebars_width":0,"ocean_sidebar":"0","ocean_second_sidebar":"0","ocean_disable_margins":"enable","ocean_add_body_class":"","ocean_shortcode_before_top_bar":"","ocean_shortcode_after_top_bar":"","ocean_shortcode_before_header":"","ocean_shortcode_after_header":"","ocean_has_shortcode":"","ocean_shortcode_after_title":"","ocean_shortcode_before_footer_widgets":"","ocean_shortcode_after_footer_widgets":"","ocean_shortcode_before_footer_bottom":"","ocean_shortcode_after_footer_bottom":"","ocean_display_top_bar":"default","ocean_display_header":"default","ocean_header_style":"","ocean_center_header_left_menu":"0","ocean_custom_header_template":"0","ocean_custom_logo":0,"ocean_custom_retina_logo":0,"ocean_custom_logo_max_width":0,"ocean_custom_logo_tablet_max_width":0,"ocean_custom_logo_mobile_max_width":0,"ocean_custom_logo_max_height":0,"ocean_custom_logo_tablet_max_height":0,"ocean_custom_logo_mobile_max_height":0,"ocean_header_custom_menu":"0","ocean_menu_typo_font_family":"0","ocean_menu_typo_font_subset":"","ocean_menu_typo_font_size":0,"ocean_menu_typo_font_size_tablet":0,"ocean_menu_typo_font_size_mobile":0,"ocean_menu_typo_font_size_unit":"px","ocean_menu_typo_font_weight":"","ocean_menu_typo_font_weight_tablet":"","ocean_menu_typo_font_weight_mobile":"","ocean_menu_typo_transform":"","ocean_menu_typo_transform_tablet":"","ocean_menu_typo_transform_mobile":"","ocean_menu_typo_line_height":0,"ocean_menu_typo_line_height_tablet":0,"ocean_menu_typo_line_height_mobile":0,"ocean_menu_typo_line_height_unit":"","ocean_menu_typo_spacing":0,"ocean_menu_typo_spacing_tablet":0,"ocean_menu_typo_spacing_mobile":0,"ocean_menu_typo_spacing_unit":"","ocean_menu_link_color":"","ocean_menu_link_color_hover":"","ocean_menu_link_color_active":"","ocean_menu_link_background":"","ocean_menu_link_hover_background":"","ocean_menu_link_active_background":"","ocean_menu_social_links_bg":"","ocean_menu_social_hover_links_bg":"","ocean_menu_social_links_color":"","ocean_menu_social_hover_links_color":"","ocean_disable_title":"default","ocean_disable_heading":"default","ocean_post_title":"","ocean_post_subheading":"","ocean_post_title_style":"","ocean_post_title_background_color":"","ocean_post_title_background":0,"ocean_post_title_bg_image_position":"","ocean_post_title_bg_image_attachment":"","ocean_post_title_bg_image_repeat":"","ocean_post_title_bg_image_size":"","ocean_post_title_height":0,"ocean_post_title_bg_overlay":0.5,"ocean_post_title_bg_overlay_color":"","ocean_disable_breadcrumbs":"default","ocean_breadcrumbs_color":"","ocean_breadcrumbs_separator_color":"","ocean_breadcrumbs_links_color":"","ocean_breadcrumbs_links_hover_color":"","ocean_display_footer_widgets":"default","ocean_display_footer_bottom":"default","ocean_custom_footer_template":"0","footnotes":""},"class_list":["post-726","page","type-page","status-publish","hentry","entry"],"yoast_head":"<!-- This site is optimized with the Yoast SEO plugin v27.6 - https:\/\/yoast.com\/product\/yoast-seo-wordpress\/ -->\n<title>Mat\u00e9riaux, Dispositifs et Energie (MDE) - D\u00e9partement mat\u00e9riaux<\/title>\n<meta name=\"robots\" content=\"index, follow, max-snippet:-1, max-image-preview:large, max-video-preview:-1\" \/>\n<link rel=\"canonical\" href=\"https:\/\/materiaux-mines-nancy.univ-lorraine.fr\/en\/mde\/\" \/>\n<meta property=\"og:locale\" content=\"en_US\" \/>\n<meta property=\"og:type\" content=\"article\" \/>\n<meta property=\"og:title\" content=\"Mat\u00e9riaux, Dispositifs et Energie (MDE) - D\u00e9partement mat\u00e9riaux\" \/>\n<meta property=\"og:description\" content=\"Option MDE : (Nano)Mat\u00e9riaux, Dispositifs et Energie Responsable : Bertrand Lenoir (bertrand.lenoir@univ-lorraine.fr) Enjeux soci\u00e9taux : Energie, Ressources, Environnement Mots clefs : mat\u00e9riaux fonctionnels, semi-conducteur, conversion d\u2019\u00e9nergie, dispositifs, surfaces et interfaces, c\u00e9ramiques, nanomat\u00e9riaux, nanotechnologies Les dispositifs de haute technologie actuels utilis\u00e9s dans de nombreux secteurs de l\u2019\u00e9conomie (\u00e9nergie, transport, semi-conducteurs, b\u00e2timent, technologie de l\u2019information et de [&hellip;]\" \/>\n<meta property=\"og:url\" content=\"https:\/\/materiaux-mines-nancy.univ-lorraine.fr\/en\/mde\/\" \/>\n<meta property=\"og:site_name\" content=\"D\u00e9partement mat\u00e9riaux\" \/>\n<meta property=\"article:modified_time\" content=\"2022-01-28T21:16:31+00:00\" \/>\n<meta property=\"og:image\" content=\"https:\/\/materiaux-mines-nancy.univ-lorraine.fr\/wp-content\/uploads\/2021\/06\/106254815_280637016478473_1158923824712302525_n1-300x214.png\" \/>\n<meta name=\"twitter:card\" content=\"summary_large_image\" \/>\n<meta name=\"twitter:label1\" content=\"Est. reading time\" \/>\n\t<meta name=\"twitter:data1\" content=\"2 minutes\" \/>\n<script type=\"application\/ld+json\" class=\"yoast-schema-graph\">{\"@context\":\"https:\\\/\\\/schema.org\",\"@graph\":[{\"@type\":\"WebPage\",\"@id\":\"https:\\\/\\\/materiaux-mines-nancy.univ-lorraine.fr\\\/mde\\\/\",\"url\":\"https:\\\/\\\/materiaux-mines-nancy.univ-lorraine.fr\\\/mde\\\/\",\"name\":\"Mat\u00e9riaux, Dispositifs et Energie (MDE) - D\u00e9partement mat\u00e9riaux\",\"isPartOf\":{\"@id\":\"https:\\\/\\\/materiaux-mines-nancy.univ-lorraine.fr\\\/#website\"},\"primaryImageOfPage\":{\"@id\":\"https:\\\/\\\/materiaux-mines-nancy.univ-lorraine.fr\\\/mde\\\/#primaryimage\"},\"image\":{\"@id\":\"https:\\\/\\\/materiaux-mines-nancy.univ-lorraine.fr\\\/mde\\\/#primaryimage\"},\"thumbnailUrl\":\"https:\\\/\\\/materiaux-mines-nancy.univ-lorraine.fr\\\/wp-content\\\/uploads\\\/2021\\\/06\\\/106254815_280637016478473_1158923824712302525_n1-300x214.png\",\"datePublished\":\"2021-03-28T16:23:46+00:00\",\"dateModified\":\"2022-01-28T21:16:31+00:00\",\"breadcrumb\":{\"@id\":\"https:\\\/\\\/materiaux-mines-nancy.univ-lorraine.fr\\\/mde\\\/#breadcrumb\"},\"inLanguage\":\"en-US\",\"potentialAction\":[{\"@type\":\"ReadAction\",\"target\":[\"https:\\\/\\\/materiaux-mines-nancy.univ-lorraine.fr\\\/mde\\\/\"]}]},{\"@type\":\"ImageObject\",\"inLanguage\":\"en-US\",\"@id\":\"https:\\\/\\\/materiaux-mines-nancy.univ-lorraine.fr\\\/mde\\\/#primaryimage\",\"url\":\"https:\\\/\\\/materiaux-mines-nancy.univ-lorraine.fr\\\/wp-content\\\/uploads\\\/2021\\\/06\\\/106254815_280637016478473_1158923824712302525_n1-300x214.png\",\"contentUrl\":\"https:\\\/\\\/materiaux-mines-nancy.univ-lorraine.fr\\\/wp-content\\\/uploads\\\/2021\\\/06\\\/106254815_280637016478473_1158923824712302525_n1-300x214.png\"},{\"@type\":\"BreadcrumbList\",\"@id\":\"https:\\\/\\\/materiaux-mines-nancy.univ-lorraine.fr\\\/mde\\\/#breadcrumb\",\"itemListElement\":[{\"@type\":\"ListItem\",\"position\":1,\"name\":\"Accueil\",\"item\":\"https:\\\/\\\/materiaux-mines-nancy.univ-lorraine.fr\\\/\"},{\"@type\":\"ListItem\",\"position\":2,\"name\":\"Mat\u00e9riaux, Dispositifs et Energie (MDE)\"}]},{\"@type\":\"WebSite\",\"@id\":\"https:\\\/\\\/materiaux-mines-nancy.univ-lorraine.fr\\\/#website\",\"url\":\"https:\\\/\\\/materiaux-mines-nancy.univ-lorraine.fr\\\/\",\"name\":\"D\u00e9partement mat\u00e9riaux\",\"description\":\"\",\"publisher\":{\"@id\":\"https:\\\/\\\/materiaux-mines-nancy.univ-lorraine.fr\\\/#organization\"},\"potentialAction\":[{\"@type\":\"SearchAction\",\"target\":{\"@type\":\"EntryPoint\",\"urlTemplate\":\"https:\\\/\\\/materiaux-mines-nancy.univ-lorraine.fr\\\/?s={search_term_string}\"},\"query-input\":{\"@type\":\"PropertyValueSpecification\",\"valueRequired\":true,\"valueName\":\"search_term_string\"}}],\"inLanguage\":\"en-US\"},{\"@type\":\"Organization\",\"@id\":\"https:\\\/\\\/materiaux-mines-nancy.univ-lorraine.fr\\\/#organization\",\"name\":\"D\u00e9partement Mat\u00e9riaux Mines Nancy\",\"url\":\"https:\\\/\\\/materiaux-mines-nancy.univ-lorraine.fr\\\/\",\"logo\":{\"@type\":\"ImageObject\",\"inLanguage\":\"en-US\",\"@id\":\"https:\\\/\\\/materiaux-mines-nancy.univ-lorraine.fr\\\/#\\\/schema\\\/logo\\\/image\\\/\",\"url\":\"https:\\\/\\\/materiaux-mines-nancy.univ-lorraine.fr\\\/wp-content\\\/uploads\\\/2021\\\/08\\\/imageonline-co-grayscaledimage.png\",\"contentUrl\":\"https:\\\/\\\/materiaux-mines-nancy.univ-lorraine.fr\\\/wp-content\\\/uploads\\\/2021\\\/08\\\/imageonline-co-grayscaledimage.png\",\"width\":2670,\"height\":1907,\"caption\":\"D\u00e9partement Mat\u00e9riaux Mines Nancy\"},\"image\":{\"@id\":\"https:\\\/\\\/materiaux-mines-nancy.univ-lorraine.fr\\\/#\\\/schema\\\/logo\\\/image\\\/\"}}]}<\/script>\n<!-- \/ Yoast SEO plugin. -->","yoast_head_json":{"title":"Mat\u00e9riaux, Dispositifs et Energie (MDE) - D\u00e9partement mat\u00e9riaux","robots":{"index":"index","follow":"follow","max-snippet":"max-snippet:-1","max-image-preview":"max-image-preview:large","max-video-preview":"max-video-preview:-1"},"canonical":"https:\/\/materiaux-mines-nancy.univ-lorraine.fr\/en\/mde\/","og_locale":"en_US","og_type":"article","og_title":"Mat\u00e9riaux, Dispositifs et Energie (MDE) - D\u00e9partement mat\u00e9riaux","og_description":"Option MDE : (Nano)Mat\u00e9riaux, Dispositifs et Energie Responsable : Bertrand Lenoir (bertrand.lenoir@univ-lorraine.fr) Enjeux soci\u00e9taux : Energie, Ressources, Environnement Mots clefs : mat\u00e9riaux fonctionnels, semi-conducteur, conversion d\u2019\u00e9nergie, dispositifs, surfaces et interfaces, c\u00e9ramiques, nanomat\u00e9riaux, nanotechnologies Les dispositifs de haute technologie actuels utilis\u00e9s dans de nombreux secteurs de l\u2019\u00e9conomie (\u00e9nergie, transport, semi-conducteurs, b\u00e2timent, technologie de l\u2019information et de [&hellip;]","og_url":"https:\/\/materiaux-mines-nancy.univ-lorraine.fr\/en\/mde\/","og_site_name":"D\u00e9partement mat\u00e9riaux","article_modified_time":"2022-01-28T21:16:31+00:00","og_image":[{"url":"https:\/\/materiaux-mines-nancy.univ-lorraine.fr\/wp-content\/uploads\/2021\/06\/106254815_280637016478473_1158923824712302525_n1-300x214.png","type":"","width":"","height":""}],"twitter_card":"summary_large_image","twitter_misc":{"Est. reading time":"2 minutes"},"schema":{"@context":"https:\/\/schema.org","@graph":[{"@type":"WebPage","@id":"https:\/\/materiaux-mines-nancy.univ-lorraine.fr\/mde\/","url":"https:\/\/materiaux-mines-nancy.univ-lorraine.fr\/mde\/","name":"Mat\u00e9riaux, Dispositifs et Energie (MDE) - D\u00e9partement mat\u00e9riaux","isPartOf":{"@id":"https:\/\/materiaux-mines-nancy.univ-lorraine.fr\/#website"},"primaryImageOfPage":{"@id":"https:\/\/materiaux-mines-nancy.univ-lorraine.fr\/mde\/#primaryimage"},"image":{"@id":"https:\/\/materiaux-mines-nancy.univ-lorraine.fr\/mde\/#primaryimage"},"thumbnailUrl":"https:\/\/materiaux-mines-nancy.univ-lorraine.fr\/wp-content\/uploads\/2021\/06\/106254815_280637016478473_1158923824712302525_n1-300x214.png","datePublished":"2021-03-28T16:23:46+00:00","dateModified":"2022-01-28T21:16:31+00:00","breadcrumb":{"@id":"https:\/\/materiaux-mines-nancy.univ-lorraine.fr\/mde\/#breadcrumb"},"inLanguage":"en-US","potentialAction":[{"@type":"ReadAction","target":["https:\/\/materiaux-mines-nancy.univ-lorraine.fr\/mde\/"]}]},{"@type":"ImageObject","inLanguage":"en-US","@id":"https:\/\/materiaux-mines-nancy.univ-lorraine.fr\/mde\/#primaryimage","url":"https:\/\/materiaux-mines-nancy.univ-lorraine.fr\/wp-content\/uploads\/2021\/06\/106254815_280637016478473_1158923824712302525_n1-300x214.png","contentUrl":"https:\/\/materiaux-mines-nancy.univ-lorraine.fr\/wp-content\/uploads\/2021\/06\/106254815_280637016478473_1158923824712302525_n1-300x214.png"},{"@type":"BreadcrumbList","@id":"https:\/\/materiaux-mines-nancy.univ-lorraine.fr\/mde\/#breadcrumb","itemListElement":[{"@type":"ListItem","position":1,"name":"Accueil","item":"https:\/\/materiaux-mines-nancy.univ-lorraine.fr\/"},{"@type":"ListItem","position":2,"name":"Mat\u00e9riaux, Dispositifs et Energie (MDE)"}]},{"@type":"WebSite","@id":"https:\/\/materiaux-mines-nancy.univ-lorraine.fr\/#website","url":"https:\/\/materiaux-mines-nancy.univ-lorraine.fr\/","name":"D\u00e9partement mat\u00e9riaux","description":"","publisher":{"@id":"https:\/\/materiaux-mines-nancy.univ-lorraine.fr\/#organization"},"potentialAction":[{"@type":"SearchAction","target":{"@type":"EntryPoint","urlTemplate":"https:\/\/materiaux-mines-nancy.univ-lorraine.fr\/?s={search_term_string}"},"query-input":{"@type":"PropertyValueSpecification","valueRequired":true,"valueName":"search_term_string"}}],"inLanguage":"en-US"},{"@type":"Organization","@id":"https:\/\/materiaux-mines-nancy.univ-lorraine.fr\/#organization","name":"D\u00e9partement Mat\u00e9riaux Mines Nancy","url":"https:\/\/materiaux-mines-nancy.univ-lorraine.fr\/","logo":{"@type":"ImageObject","inLanguage":"en-US","@id":"https:\/\/materiaux-mines-nancy.univ-lorraine.fr\/#\/schema\/logo\/image\/","url":"https:\/\/materiaux-mines-nancy.univ-lorraine.fr\/wp-content\/uploads\/2021\/08\/imageonline-co-grayscaledimage.png","contentUrl":"https:\/\/materiaux-mines-nancy.univ-lorraine.fr\/wp-content\/uploads\/2021\/08\/imageonline-co-grayscaledimage.png","width":2670,"height":1907,"caption":"D\u00e9partement Mat\u00e9riaux Mines Nancy"},"image":{"@id":"https:\/\/materiaux-mines-nancy.univ-lorraine.fr\/#\/schema\/logo\/image\/"}}]}},"_links":{"self":[{"href":"https:\/\/materiaux-mines-nancy.univ-lorraine.fr\/en\/wp-json\/wp\/v2\/pages\/726","targetHints":{"allow":["GET"]}}],"collection":[{"href":"https:\/\/materiaux-mines-nancy.univ-lorraine.fr\/en\/wp-json\/wp\/v2\/pages"}],"about":[{"href":"https:\/\/materiaux-mines-nancy.univ-lorraine.fr\/en\/wp-json\/wp\/v2\/types\/page"}],"author":[{"embeddable":true,"href":"https:\/\/materiaux-mines-nancy.univ-lorraine.fr\/en\/wp-json\/wp\/v2\/users\/1"}],"replies":[{"embeddable":true,"href":"https:\/\/materiaux-mines-nancy.univ-lorraine.fr\/en\/wp-json\/wp\/v2\/comments?post=726"}],"version-history":[{"count":0,"href":"https:\/\/materiaux-mines-nancy.univ-lorraine.fr\/en\/wp-json\/wp\/v2\/pages\/726\/revisions"}],"wp:attachment":[{"href":"https:\/\/materiaux-mines-nancy.univ-lorraine.fr\/en\/wp-json\/wp\/v2\/media?parent=726"}],"curies":[{"name":"wp","href":"https:\/\/api.w.org\/{rel}","templated":true}]}}